{"id":10199,"date":"2026-03-20T09:40:49","date_gmt":"2026-03-20T08:40:49","guid":{"rendered":"https:\/\/www.valgri.it\/?post_type=product&#038;p=10199"},"modified":"2026-03-20T09:57:31","modified_gmt":"2026-03-20T08:57:31","slug":"pomodoro-per-pizza-da-pelato-bag-in-box-5000gx2","status":"publish","type":"product","link":"https:\/\/www.valgri.it\/pomodoro-per-pizza-da-pelato-bag-in-box-5000gx2\/","title":{"rendered":"Pomodoro per Pizza da Pelato bag in box 5000gx2"},"content":{"rendered":"<p>Dedicato a tutti i pizzaioli professionisti, il nostro pomodoro per pizza da pelato 100% italiano \u00e8 perfetto per creazioni dal sapore unico e intenso.<\/p>\n<p>Un prodotto in grado di massimizzare comodit\u00e0, praticit\u00e0 e qualit\u00e0: solo polpa di pomodoro pelato fresco, tagliata finemente in una confezione asettica che si apre con un solo colpo di forbici e che permette di prelevare il prodotto direttamente con il mestolo.<\/p>\n<p><strong>Modalit\u00e0 d&#8217;uso<\/strong>: il Pomodoro per Pizza Napoli Valgr\u00ec da Pelato \u00e8 ideale per la preparazione di pizze dal gusto unico e intenso.<\/p>\n<p><strong>Modalit\u00e0 di conservazione<\/strong>: una volta aperta conservare in frigorifero max 2-3 giorni.<\/p>\n<p style=\"background: white;\"><strong><span style=\"color: #1c1c1c;\">Ingredienti: <\/span><\/strong><span style=\"color: #1c1c1c;\">Polpa fine di Pomodoro pelato, correttore di acidit\u00e0: acido citrico<\/span><\/p>\n<p style=\"background: white;\"><strong style=\"line-height: inherit;\"><span style=\"color: #1c1c1c;\">Allergeni:\u00a0<\/span><\/strong><span style=\"color: #1c1c1c;\">non presenti<\/span><\/p>\n<p style=\"background: white;\"><strong style=\"line-height: inherit;\"><span style=\"color: #1c1c1c;\">Origine materia prima:<\/span><\/strong><span style=\"color: #1c1c1c;\">\u00a0Italia<\/span><\/p>\n<p style=\"background: white;\"><em style=\"line-height: inherit;\"><b><span style=\"color: #1c1c1c; font-style: normal;\">Confezionato in:<\/span><\/b><\/em><em><span style=\"color: #1c1c1c; font-style: normal;\"> Corso Vittorio Emanuele, 187 \u2013 84012 Angri (SA) IT<\/span><\/em><i><\/i><\/p>\n","protected":false},"excerpt":{"rendered":"<p>Il nostro pomodoro per pizza da pelato 100% italiano \u00e8 sinonimo di gusto e praticit\u00e0 per tutto il mondo Horeca, grazie al sapore unico e l\u2019ergonomica confezione.<\/p>\n<ul>\n<li>Confezione pratica<\/li>\n<li>Solo pomodoro fresco<\/li>\n<li>Zero additivi<\/li>\n<\/ul>\n","protected":false},"featured_media":10200,"template":"","meta":{"_acf_changed":false,"_joinchat":[]},"product_brand":[],"product_cat":[203],"product_tag":[],"class_list":{"0":"post-10199","1":"product","2":"type-product","3":"status-publish","4":"has-post-thumbnail","6":"product_cat-food-service","8":"first","9":"instock","10":"shipping-taxable","11":"purchasable","12":"product-type-simple"},"acf":[],"_links":{"self":[{"href":"https:\/\/www.valgri.it\/en\/wp-json\/wp\/v2\/product\/10199","targetHints":{"allow":["GET"]}}],"collection":[{"href":"https:\/\/www.valgri.it\/en\/wp-json\/wp\/v2\/product"}],"about":[{"href":"https:\/\/www.valgri.it\/en\/wp-json\/wp\/v2\/types\/product"}],"wp:featuredmedia":[{"embeddable":true,"href":"https:\/\/www.valgri.it\/en\/wp-json\/wp\/v2\/media\/10200"}],"wp:attachment":[{"href":"https:\/\/www.valgri.it\/en\/wp-json\/wp\/v2\/media?parent=10199"}],"wp:term":[{"taxonomy":"product_brand","embeddable":true,"href":"https:\/\/www.valgri.it\/en\/wp-json\/wp\/v2\/product_brand?post=10199"},{"taxonomy":"product_cat","embeddable":true,"href":"https:\/\/www.valgri.it\/en\/wp-json\/wp\/v2\/product_cat?post=10199"},{"taxonomy":"product_tag","embeddable":true,"href":"https:\/\/www.valgri.it\/en\/wp-json\/wp\/v2\/product_tag?post=10199"}],"curies":[{"name":"wp","href":"https:\/\/api.w.org\/{rel}","templated":true}]}}